{"id":806,"date":"2021-02-17T08:46:36","date_gmt":"2021-02-17T07:46:36","guid":{"rendered":"http:\/\/wetranslateideas.com\/contact\/"},"modified":"2021-10-25T13:18:56","modified_gmt":"2021-10-25T11:18:56","slug":"contacte","status":"publish","type":"page","link":"https:\/\/wetranslateideas.com\/fr\/contacte\/","title":{"rendered":"Contacte"},"content":{"rendered":"<section class=\"wpb-content-wrapper\"><p>[vc_row][vc_column][vc_empty_space height=\u00a0\u00bb94&Prime; el_class=\u00a0\u00bbspace12&Prime;][\/vc_column][\/vc_row][vc_row row_content_width=\u00a0\u00bbgrid\u00a0\u00bb][vc_column][vc_custom_heading text=\u00a0\u00bbParlez nous de votre projet!\u00a0\u00bb font_container=\u00a0\u00bbtag:h2|font_size:50px|text_align:center|color:%23333333|line_height:60px\u00a0\u00bb use_theme_fonts=\u00a0\u00bbyes\u00a0\u00bb][vc_row_inner][vc_column_inner width=\u00a0\u00bb1\/3&Prime;][\/vc_column_inner][vc_column_inner width=\u00a0\u00bb1\/3&Prime;][vc_column_text]<\/p>\n<p style=\"text-align: center;\">Parfois, vous devez cr\u00e9er quelque chose qui n&rsquo;\u00e9tait pas l\u00e0: faisons-le correctement.<\/p>\n<p>[\/vc_column_text][\/vc_column_inner][vc_column_inner width=\u00a0\u00bb1\/3&Prime;][\/vc_column_inner][\/vc_row_inner][\/vc_column][\/vc_row][vc_row][vc_column][vc_empty_space height=\u00a0\u00bb210px\u00a0\u00bb][\/vc_column][\/vc_row][vc_row row_content_width=\u00a0\u00bbgrid\u00a0\u00bb simple_background_color=\u00a0\u00bb#e5f0ec\u00a0\u00bb][vc_column][vc_single_image image=\u00a0\u00bb808&Prime; img_size=\u00a0\u00bblarge\u00a0\u00bb alignment=\u00a0\u00bbcenter\u00a0\u00bb css=\u00a0\u00bb.vc_custom_1614664261223{margin-top: -120px !important;margin-bottom: -120px !important;}\u00a0\u00bb][\/vc_column][\/vc_row][vc_row][vc_column][vc_empty_space height=\u00a0\u00bb210px\u00a0\u00bb el_class=\u00a0\u00bbspace12&Prime;][\/vc_column][\/vc_row][vc_row content_placement=\u00a0\u00bbmiddle\u00a0\u00bb row_content_width=\u00a0\u00bbgrid\u00a0\u00bb][vc_column width=\u00a0\u00bb5\/12&Prime; el_class=\u00a0\u00bbcontact-first-col\u00a0\u00bb css=\u00a0\u00bb.vc_custom_1614665095895{border-top-width: 2px !important;border-right-width: 2px !important;border-bottom-width: 2px !important;border-left-width: 2px !important;padding-top: 50px !important;padding-right: 50px !important;padding-bottom: 50px !important;padding-left: 50px !important;background-color: #ffffff !important;background-position: center !important;background-repeat: no-repeat !important;background-size: cover !important;border-left-color: #000000 !important;border-left-style: solid !important;border-right-color: #000000 !important;border-right-style: solid !important;border-top-color: #000000 !important;border-top-style: solid !important;border-bottom-color: #000000 !important;border-bottom-style: solid !important;}\u00a0\u00bb][vc_single_image image=\u00a0\u00bb811&Prime; img_size=\u00a0\u00bblarge\u00a0\u00bb alignment=\u00a0\u00bbcenter\u00a0\u00bb][vc_custom_heading text=\u00a0\u00bbinfo@wetranslateideas.com\u00a0\u00bb font_container=\u00a0\u00bbtag:h2|font_size:18px|text_align:center|color:%23000000|line_height:30px\u00a0\u00bb use_theme_fonts=\u00a0\u00bbyes\u00a0\u00bb css=\u00a0\u00bb.vc_custom_1615221938282{margin-top: 25px !important;}\u00a0\u00bb][vc_column_text]Nous sommes ravis de communiquer avec vous et d&rsquo;en savoir plus sur votre projet![\/vc_column_text][\/vc_column][vc_column width=\u00a0\u00bb7\/12&Prime; css=\u00a0\u00bb.vc_custom_1614866308351{padding-top: 0px !important;padding-right: 50px !important;padding-bottom: 0px !important;padding-left: 80px !important;}\u00a0\u00bb el_class=\u00a0\u00bbcontactcoll\u00a0\u00bb]<div class=\"wpforms-container wpforms-container-full\" id=\"wpforms-233\"><form id=\"wpforms-form-233\" class=\"wpforms-validate wpforms-form\" data-formid=\"233\" method=\"post\" enctype=\"multipart\/form-data\" action=\"\/fr\/wp-json\/wp\/v2\/pages\/806#wpforms-233\"><div class=\"wpforms-field-container\"><div id=\"wpforms-233-field_0-container\" class=\"wpforms-field wpforms-field-name\" data-field-id=\"0\"><label class=\"wpforms-field-label wpforms-label-hide\" for=\"wpforms-233-field_0\">Name <span class=\"wpforms-required-label\">*<\/span><\/label><div class=\"wpforms-field-row wpforms-field-large\"><div class=\"wpforms-field-row-block wpforms-first wpforms-one-half\"><input type=\"text\" id=\"wpforms-233-field_0\" class=\"wpforms-field-name-first wpforms-field-required\" name=\"wpforms[fields][0][first]\" placeholder=\"First Name\" required><label for=\"wpforms-233-field_0\" class=\"wpforms-field-sublabel after wpforms-sublabel-hide\">Pr\u00e9nom<\/label><\/div><div class=\"wpforms-field-row-block wpforms-one-half\"><input type=\"text\" id=\"wpforms-233-field_0-last\" class=\"wpforms-field-name-last wpforms-field-required\" name=\"wpforms[fields][0][last]\" placeholder=\"Last Name\" required><label for=\"wpforms-233-field_0-last\" class=\"wpforms-field-sublabel after wpforms-sublabel-hide\">Nom<\/label><\/div><\/div><\/div><div id=\"wpforms-233-field_1-container\" class=\"wpforms-field wpforms-field-email\" data-field-id=\"1\"><label class=\"wpforms-field-label wpforms-label-hide\" for=\"wpforms-233-field_1\">Email <span class=\"wpforms-required-label\">*<\/span><\/label><input type=\"email\" id=\"wpforms-233-field_1\" class=\"wpforms-field-large wpforms-field-required\" name=\"wpforms[fields][1]\" placeholder=\"Email\" required><\/div><div id=\"wpforms-233-field_4-container\" class=\"wpforms-field wpforms-field-text\" data-field-id=\"4\"><label class=\"wpforms-field-label wpforms-label-hide\" for=\"wpforms-233-field_4\">Website Link (Optional)<\/label><input type=\"text\" id=\"wpforms-233-field_4\" class=\"wpforms-field-large\" name=\"wpforms[fields][4]\" placeholder=\"Website Link (Optional)\" ><\/div><div id=\"wpforms-233-field_5-container\" class=\"wpforms-field wpforms-field-text\" data-field-id=\"5\"><label class=\"wpforms-field-label wpforms-label-hide\" for=\"wpforms-233-field_5\">Where did you hear about me?* <span class=\"wpforms-required-label\">*<\/span><\/label><input type=\"text\" id=\"wpforms-233-field_5\" class=\"wpforms-field-large wpforms-field-required\" name=\"wpforms[fields][5]\" placeholder=\"Where did you hear about us?\" required><\/div><div id=\"wpforms-233-field_6-container\" class=\"wpforms-field wpforms-field-textarea\" data-field-id=\"6\"><label class=\"wpforms-field-label wpforms-label-hide\" for=\"wpforms-233-field_6\">Message <span class=\"wpforms-required-label\">*<\/span><\/label><textarea id=\"wpforms-233-field_6\" class=\"wpforms-field-large wpforms-field-required\" name=\"wpforms[fields][6]\" placeholder=\"Message\" required><\/textarea><\/div><div id=\"wpforms-233-field_3-container\" class=\"wpforms-field wpforms-field-file-upload\" data-field-id=\"3\"><label class=\"wpforms-field-label\" for=\"wpforms-233-field_3\">Tell us more about your project!<\/label><input type=\"file\" id=\"wpforms-233-field_3\" data-rule-extension=\"jpg,jpeg,jpe,gif,png,bmp,tiff,tif,webp,avif,ico,heic,heif,heics,heifs,asf,asx,wmv,wmx,wm,avi,divx,mov,qt,mpeg,mpg,mpe,mp4,m4v,ogv,webm,mkv,3gp,3gpp,3g2,3gp2,txt,asc,c,cc,h,srt,csv,tsv,ics,rtx,css,vtt,mp3,m4a,m4b,aac,ra,ram,wav,xwav,ogg,oga,flac,mid,midi,wma,wax,mka,rtf,pdf,class,tar,zip,gz,gzip,rar,7z,psd,xcf,doc,pot,pps,ppt,wri,xla,xls,xlt,xlw,mpp,docx,docm,dotx,dotm,xlsx,xlsm,xlsb,xltx,xltm,xlam,pptx,pptm,ppsx,ppsm,potx,potm,ppam,sldx,sldm,onetoc,onetoc2,onepkg,oxps,xps,odt,odp,ods,odg,odc,odb,odf,wp,wpd,key,numbers,pages\" data-rule-maxsize=\"1073741824\" name=\"wpforms_233_3\" ><\/div><\/div><div class=\"wpforms-field wpforms-field-hp\"><label for=\"wpforms-field_hp\" class=\"wpforms-field-label\">Email<\/label><input type=\"text\" name=\"wpforms[hp]\" id=\"wpforms-field_hp\" class=\"wpforms-field-medium\"><\/div><div class=\"wpforms-submit-container\" ><input type=\"hidden\" name=\"wpforms[id]\" value=\"233\"><input type=\"hidden\" name=\"wpforms[author]\" value=\"1\"><button type=\"submit\" name=\"wpforms[submit]\" class=\"wpforms-submit \" id=\"wpforms-submit-233\" value=\"wpforms-submit\" data-alt-text=\"Sending...\">Submit<\/button><\/div><\/form><\/div>[\/vc_column][\/vc_row][vc_row][vc_column][vc_empty_space height=\u00a0\u00bb94&Prime;][\/vc_column][\/vc_row]<\/p>\n<\/section>","protected":false},"excerpt":{"rendered":"<p>[vc_row][vc_column][vc_empty_space height=\u00a0\u00bb94&Prime; el_class=\u00a0\u00bbspace12&Prime;][\/vc_column][\/vc_row][vc_row row_content_width=\u00a0\u00bbgrid\u00a0\u00bb][vc_column][vc_custom_heading text=\u00a0\u00bbParlez nous de votre projet!\u00a0\u00bb font_container=\u00a0\u00bbtag:h2|font_size:50px|text_align:center|color:%23333333|line_height:60px\u00a0\u00bb use_theme_fonts=\u00a0\u00bbyes\u00a0\u00bb][vc_row_inner][vc_column_inner width=\u00a0\u00bb1\/3&Prime;][\/vc_column_inner][vc_column_inner width=\u00a0\u00bb1\/3&Prime;][vc_column_text] Parfois, vous devez cr\u00e9er quelque chose qui n&rsquo;\u00e9tait pas l\u00e0: faisons-le correctement. [\/vc_column_text][\/vc_column_inner][vc_column_inner width=\u00a0\u00bb1\/3&Prime;][\/vc_column_inner][\/vc_row_inner][\/vc_column][\/vc_row][vc_row][vc_column][vc_empty_space height=\u00a0\u00bb210px\u00a0\u00bb][\/vc_column][\/vc_row][vc_row row_content_width=\u00a0\u00bbgrid\u00a0\u00bb simple_background_color=\u00a0\u00bb#e5f0ec\u00a0\u00bb][vc_column][vc_single_image image=\u00a0\u00bb808&Prime; img_size=\u00a0\u00bblarge\u00a0\u00bb alignment=\u00a0\u00bbcenter\u00a0\u00bb css=\u00a0\u00bb.vc_custom_1614664261223{margin-top: -120px !important;margin-bottom: -120px !important;}\u00a0\u00bb][\/vc_column][\/vc_row][vc_row][vc_column][vc_empty_space height=\u00a0\u00bb210px\u00a0\u00bb el_class=\u00a0\u00bbspace12&Prime;][\/vc_column][\/vc_row][vc_row [&hellip;]<\/p>\n","protected":false},"author":1,"featured_media":0,"parent":0,"menu_order":0,"comment_status":"closed","ping_status":"closed","template":"full-width.php","meta":{"footnotes":""},"class_list":["post-806","page","type-page","status-publish","hentry"],"yoast_head":"<!-- This site is optimized with the Yoast SEO Premium plugin v17.2 (Yoast SEO v19.10) - https:\/\/yoast.com\/wordpress\/plugins\/seo\/ -->\n<title>Contacte - We Translate Ideas<\/title>\n<meta name=\"robots\" content=\"index, follow, max-snippet:-1, max-image-preview:large, max-video-preview:-1\" \/>\n<link rel=\"canonical\" href=\"https:\/\/wetranslateideas.com\/fr\/contacte\/\" \/>\n<meta property=\"og:locale\" content=\"fr_FR\" \/>\n<meta property=\"og:type\" content=\"article\" \/>\n<meta property=\"og:title\" content=\"Contacte\" \/>\n<meta property=\"og:description\" content=\"[vc_row][vc_column][vc_empty_space height=\u00a0\u00bb94&Prime; el_class=\u00a0\u00bbspace12&Prime;][\/vc_column][\/vc_row][vc_row row_content_width=\u00a0\u00bbgrid\u00a0\u00bb][vc_column][vc_custom_heading text=\u00a0\u00bbParlez nous de votre projet!\u00a0\u00bb font_container=\u00a0\u00bbtag:h2|font_size:50px|text_align:center|color:%23333333|line_height:60px\u00a0\u00bb use_theme_fonts=\u00a0\u00bbyes\u00a0\u00bb][vc_row_inner][vc_column_inner width=\u00a0\u00bb1\/3&Prime;][\/vc_column_inner][vc_column_inner width=\u00a0\u00bb1\/3&Prime;][vc_column_text] Parfois, vous devez cr\u00e9er quelque chose qui n&rsquo;\u00e9tait pas l\u00e0: faisons-le correctement. [\/vc_column_text][\/vc_column_inner][vc_column_inner width=\u00a0\u00bb1\/3&Prime;][\/vc_column_inner][\/vc_row_inner][\/vc_column][\/vc_row][vc_row][vc_column][vc_empty_space height=\u00a0\u00bb210px\u00a0\u00bb][\/vc_column][\/vc_row][vc_row row_content_width=\u00a0\u00bbgrid\u00a0\u00bb simple_background_color=\u00a0\u00bb#e5f0ec\u00a0\u00bb][vc_column][vc_single_image image=\u00a0\u00bb808&Prime; img_size=\u00a0\u00bblarge\u00a0\u00bb alignment=\u00a0\u00bbcenter\u00a0\u00bb css=\u00a0\u00bb.vc_custom_1614664261223{margin-top: -120px !important;margin-bottom: -120px !important;}\u00a0\u00bb][\/vc_column][\/vc_row][vc_row][vc_column][vc_empty_space height=\u00a0\u00bb210px\u00a0\u00bb el_class=\u00a0\u00bbspace12&Prime;][\/vc_column][\/vc_row][vc_row [&hellip;]\" \/>\n<meta property=\"og:url\" content=\"https:\/\/wetranslateideas.com\/fr\/contacte\/\" \/>\n<meta property=\"og:site_name\" content=\"We Translate Ideas\" \/>\n<meta property=\"article:publisher\" content=\"https:\/\/www.facebook.com\/wetranslateideas\" \/>\n<meta property=\"article:modified_time\" content=\"2021-10-25T11:18:56+00:00\" \/>\n<meta name=\"twitter:card\" content=\"summary_large_image\" \/>\n<meta name=\"twitter:label1\" content=\"Dur\u00e9e de lecture estim\u00e9e\" \/>\n\t<meta name=\"twitter:data1\" content=\"2 minutes\" \/>\n<script type=\"application\/ld+json\" class=\"yoast-schema-graph\">{\"@context\":\"https:\/\/schema.org\",\"@graph\":[{\"@type\":\"WebPage\",\"@id\":\"https:\/\/wetranslateideas.com\/fr\/contacte\/\",\"url\":\"https:\/\/wetranslateideas.com\/fr\/contacte\/\",\"name\":\"Contacte - We Translate Ideas\",\"isPartOf\":{\"@id\":\"https:\/\/wetranslateideas.com\/#website\"},\"datePublished\":\"2021-02-17T07:46:36+00:00\",\"dateModified\":\"2021-10-25T11:18:56+00:00\",\"breadcrumb\":{\"@id\":\"https:\/\/wetranslateideas.com\/fr\/contacte\/#breadcrumb\"},\"inLanguage\":\"fr-FR\",\"potentialAction\":[{\"@type\":\"ReadAction\",\"target\":[\"https:\/\/wetranslateideas.com\/fr\/contacte\/\"]}]},{\"@type\":\"BreadcrumbList\",\"@id\":\"https:\/\/wetranslateideas.com\/fr\/contacte\/#breadcrumb\",\"itemListElement\":[{\"@type\":\"ListItem\",\"position\":1,\"name\":\"Home\",\"item\":\"https:\/\/wetranslateideas.com\/fr\/\"},{\"@type\":\"ListItem\",\"position\":2,\"name\":\"Contacte\"}]},{\"@type\":\"WebSite\",\"@id\":\"https:\/\/wetranslateideas.com\/#website\",\"url\":\"https:\/\/wetranslateideas.com\/\",\"name\":\"We Translate Ideas\",\"description\":\"Marketing Translations\",\"publisher\":{\"@id\":\"https:\/\/wetranslateideas.com\/#organization\"},\"potentialAction\":[{\"@type\":\"SearchAction\",\"target\":{\"@type\":\"EntryPoint\",\"urlTemplate\":\"https:\/\/wetranslateideas.com\/?s={search_term_string}\"},\"query-input\":\"required name=search_term_string\"}],\"inLanguage\":\"fr-FR\"},{\"@type\":\"Organization\",\"@id\":\"https:\/\/wetranslateideas.com\/#organization\",\"name\":\"We translate ideas\",\"url\":\"https:\/\/wetranslateideas.com\/\",\"logo\":{\"@type\":\"ImageObject\",\"inLanguage\":\"fr-FR\",\"@id\":\"https:\/\/wetranslateideas.com\/#\/schema\/logo\/image\/\",\"url\":\"https:\/\/wetranslateideas.com\/wp-content\/uploads\/2021\/03\/cropped-favicon.png\",\"contentUrl\":\"https:\/\/wetranslateideas.com\/wp-content\/uploads\/2021\/03\/cropped-favicon.png\",\"width\":512,\"height\":512,\"caption\":\"We translate ideas\"},\"image\":{\"@id\":\"https:\/\/wetranslateideas.com\/#\/schema\/logo\/image\/\"},\"sameAs\":[\"https:\/\/www.instagram.com\/wetranslateideas\/\",\"https:\/\/www.linkedin.com\/company\/wetranslateideas\/\",\"https:\/\/www.facebook.com\/wetranslateideas\"]}]}<\/script>\n<!-- \/ Yoast SEO Premium plugin. -->","yoast_head_json":{"title":"Contacte - We Translate Ideas","robots":{"index":"index","follow":"follow","max-snippet":"max-snippet:-1","max-image-preview":"max-image-preview:large","max-video-preview":"max-video-preview:-1"},"canonical":"https:\/\/wetranslateideas.com\/fr\/contacte\/","og_locale":"fr_FR","og_type":"article","og_title":"Contacte","og_description":"[vc_row][vc_column][vc_empty_space height=\u00a0\u00bb94&Prime; el_class=\u00a0\u00bbspace12&Prime;][\/vc_column][\/vc_row][vc_row row_content_width=\u00a0\u00bbgrid\u00a0\u00bb][vc_column][vc_custom_heading text=\u00a0\u00bbParlez nous de votre projet!\u00a0\u00bb font_container=\u00a0\u00bbtag:h2|font_size:50px|text_align:center|color:%23333333|line_height:60px\u00a0\u00bb use_theme_fonts=\u00a0\u00bbyes\u00a0\u00bb][vc_row_inner][vc_column_inner width=\u00a0\u00bb1\/3&Prime;][\/vc_column_inner][vc_column_inner width=\u00a0\u00bb1\/3&Prime;][vc_column_text] Parfois, vous devez cr\u00e9er quelque chose qui n&rsquo;\u00e9tait pas l\u00e0: faisons-le correctement. [\/vc_column_text][\/vc_column_inner][vc_column_inner width=\u00a0\u00bb1\/3&Prime;][\/vc_column_inner][\/vc_row_inner][\/vc_column][\/vc_row][vc_row][vc_column][vc_empty_space height=\u00a0\u00bb210px\u00a0\u00bb][\/vc_column][\/vc_row][vc_row row_content_width=\u00a0\u00bbgrid\u00a0\u00bb simple_background_color=\u00a0\u00bb#e5f0ec\u00a0\u00bb][vc_column][vc_single_image image=\u00a0\u00bb808&Prime; img_size=\u00a0\u00bblarge\u00a0\u00bb alignment=\u00a0\u00bbcenter\u00a0\u00bb css=\u00a0\u00bb.vc_custom_1614664261223{margin-top: -120px !important;margin-bottom: -120px !important;}\u00a0\u00bb][\/vc_column][\/vc_row][vc_row][vc_column][vc_empty_space height=\u00a0\u00bb210px\u00a0\u00bb el_class=\u00a0\u00bbspace12&Prime;][\/vc_column][\/vc_row][vc_row [&hellip;]","og_url":"https:\/\/wetranslateideas.com\/fr\/contacte\/","og_site_name":"We Translate Ideas","article_publisher":"https:\/\/www.facebook.com\/wetranslateideas","article_modified_time":"2021-10-25T11:18:56+00:00","twitter_card":"summary_large_image","twitter_misc":{"Dur\u00e9e de lecture estim\u00e9e":"2 minutes"},"schema":{"@context":"https:\/\/schema.org","@graph":[{"@type":"WebPage","@id":"https:\/\/wetranslateideas.com\/fr\/contacte\/","url":"https:\/\/wetranslateideas.com\/fr\/contacte\/","name":"Contacte - We Translate Ideas","isPartOf":{"@id":"https:\/\/wetranslateideas.com\/#website"},"datePublished":"2021-02-17T07:46:36+00:00","dateModified":"2021-10-25T11:18:56+00:00","breadcrumb":{"@id":"https:\/\/wetranslateideas.com\/fr\/contacte\/#breadcrumb"},"inLanguage":"fr-FR","potentialAction":[{"@type":"ReadAction","target":["https:\/\/wetranslateideas.com\/fr\/contacte\/"]}]},{"@type":"BreadcrumbList","@id":"https:\/\/wetranslateideas.com\/fr\/contacte\/#breadcrumb","itemListElement":[{"@type":"ListItem","position":1,"name":"Home","item":"https:\/\/wetranslateideas.com\/fr\/"},{"@type":"ListItem","position":2,"name":"Contacte"}]},{"@type":"WebSite","@id":"https:\/\/wetranslateideas.com\/#website","url":"https:\/\/wetranslateideas.com\/","name":"We Translate Ideas","description":"Marketing Translations","publisher":{"@id":"https:\/\/wetranslateideas.com\/#organization"},"potentialAction":[{"@type":"SearchAction","target":{"@type":"EntryPoint","urlTemplate":"https:\/\/wetranslateideas.com\/?s={search_term_string}"},"query-input":"required name=search_term_string"}],"inLanguage":"fr-FR"},{"@type":"Organization","@id":"https:\/\/wetranslateideas.com\/#organization","name":"We translate ideas","url":"https:\/\/wetranslateideas.com\/","logo":{"@type":"ImageObject","inLanguage":"fr-FR","@id":"https:\/\/wetranslateideas.com\/#\/schema\/logo\/image\/","url":"https:\/\/wetranslateideas.com\/wp-content\/uploads\/2021\/03\/cropped-favicon.png","contentUrl":"https:\/\/wetranslateideas.com\/wp-content\/uploads\/2021\/03\/cropped-favicon.png","width":512,"height":512,"caption":"We translate ideas"},"image":{"@id":"https:\/\/wetranslateideas.com\/#\/schema\/logo\/image\/"},"sameAs":["https:\/\/www.instagram.com\/wetranslateideas\/","https:\/\/www.linkedin.com\/company\/wetranslateideas\/","https:\/\/www.facebook.com\/wetranslateideas"]}]}},"_links":{"self":[{"href":"https:\/\/wetranslateideas.com\/fr\/wp-json\/wp\/v2\/pages\/806","targetHints":{"allow":["GET"]}}],"collection":[{"href":"https:\/\/wetranslateideas.com\/fr\/wp-json\/wp\/v2\/pages"}],"about":[{"href":"https:\/\/wetranslateideas.com\/fr\/wp-json\/wp\/v2\/types\/page"}],"author":[{"embeddable":true,"href":"https:\/\/wetranslateideas.com\/fr\/wp-json\/wp\/v2\/users\/1"}],"replies":[{"embeddable":true,"href":"https:\/\/wetranslateideas.com\/fr\/wp-json\/wp\/v2\/comments?post=806"}],"version-history":[{"count":0,"href":"https:\/\/wetranslateideas.com\/fr\/wp-json\/wp\/v2\/pages\/806\/revisions"}],"wp:attachment":[{"href":"https:\/\/wetranslateideas.com\/fr\/wp-json\/wp\/v2\/media?parent=806"}],"curies":[{"name":"wp","href":"https:\/\/api.w.org\/{rel}","templated":true}]}}